{"id":6819,"date":"2023-06-13T21:55:57","date_gmt":"2023-06-13T21:55:57","guid":{"rendered":"https:\/\/cocteleriaelrinconcito.com\/?page_id=6819"},"modified":"2023-07-31T09:32:46","modified_gmt":"2023-07-31T09:32:46","slug":"declaracion-de-accesibilidad","status":"publish","type":"page","link":"https:\/\/cocteleriaelrinconcito.com\/en\/declaracion-de-accesibilidad\/","title":{"rendered":"declaracion-de-accesibilidad"},"content":{"rendered":"<div data-elementor-type=\"wp-page\" data-elementor-id=\"6819\" class=\"elementor elementor-6819\">\n\t\t\t\t\t\t<section class=\"elementor-section elementor-top-section elementor-element elementor-element-23b19fd elementor-section-boxed elementor-section-height-default elementor-section-height-default\" data-id=\"23b19fd\" data-element_type=\"section\" data-e-type=\"section\">\n\t\t\t\t\t\t<div class=\"elementor-container elementor-column-gap-default\">\n\t\t\t\t\t<div class=\"elementor-column elementor-col-100 elementor-top-column elementor-element elementor-element-4d8f6e6\" data-id=\"4d8f6e6\" data-element_type=\"column\" data-e-type=\"column\">\n\t\t\t<div class=\"elementor-widget-wrap elementor-element-populated\">\n\t\t\t\t\t\t<div class=\"elementor-element elementor-element-c028441 elementor-widget elementor-widget-text-editor\" data-id=\"c028441\" data-element_type=\"widget\" data-e-type=\"widget\" data-widget_type=\"text-editor.default\">\n\t\t\t\t<div class=\"elementor-widget-container\">\n\t\t\t\t\t\t\t\t\t<h3 class=\"text-4xl m-0 mb-3\"><strong>DECLARACI\u00d3N ACCESIBILIDAD WEB<\/strong><\/h3>\n<p>Actualizado: 16\/05\/2023<\/p>\n<p>Cocteler\u00eda el Rinconcito, se compromete en hacer accesible su sitio web de conformidad con el <a role=\"link\" href=\"https:\/\/www.boe.es\/diario_boe\/txt.php?id=BOE-A-2018-12699\" target=\"_blank\" rel=\"noopener noreferrer nofollow\">Real Decreto 1112\/2018, sobre accesibilidad de los sitios webs y aplicaciones para dispositivos m\u00f3viles del sector p\u00fablico.&nbsp;<\/a><\/p>\n<p>La presente declaraci\u00f3n de accesibilidad se aplica al sitio web&nbsp;<a href=\"https:\/\/cocteleriaelrinconcito.com\/en\/\">https:\/\/cocteleriaelrinconcito.com<\/a><\/p>\n<h3 class=\"text-4xl m-0 mb-3\">&nbsp;Situaci\u00f3n de cumplimiento<\/h3>\n<p>Este sitio web es&nbsp;<strong>parcialmente conforme<\/strong>&nbsp;con el RD 1112\/2018 debido a la falta de conformidad de los aspectos que se indican a continuaci\u00f3n.<\/p>\n<h3 class=\"text-4xl m-0 mb-3\">Contenido no accesible<\/h3>\n<p>El contenido que se recoge a continuaci\u00f3n no es accesible por lo siguiente:<\/p>\n<ul>\n<li class=\"relative ml-5 list-disc\">falta de conformidad con el RD 1112\/2018\n<ul>\n<li class=\"relative ml-5 list-disc\">Se pueden encontrar im\u00e1genes sin que acompa\u00f1e texto explicativo.<\/li>\n<li class=\"relative ml-5 list-disc\">Se puede encontrar a\u00fan anidamientos incorrectos de etiquetas.<\/li>\n<li class=\"relative ml-5 list-disc\">Podr\u00edan existir fallos de edici\u00f3n en la p\u00e1gina web.<\/li>\n<\/ul>\n<\/li>\n<li class=\"relative ml-5 list-disc\">carga desproporcionada\n<ul>\n<li class=\"relative ml-5 list-disc\">No aplica.<\/li>\n<\/ul>\n<\/li>\n<\/ul>\n<h3 class=\"text-3xl m-0 mb-3\">Preparaci\u00f3n de la presente declaraci\u00f3n de accesibilidad:<\/h3>\n<p>La presente declaraci\u00f3n fue preparada el 16 de Mayo de 2023.<\/p>\n<p>El m\u00e9todo empleado para preparar la declaraci\u00f3n ha sido una autoevaluaci\u00f3n llevada a cabo por diferentes plataformas para realizar un an\u00e1lisis de accesibilidad.<\/p>\n<p>\u00daltima revisi\u00f3n de la declaraci\u00f3n: 16 de mayo de 2023.<\/p>\n<h3 class=\"text-3xl m-0 mb-3\">Observaciones y datos de contacto:<\/h3>\n<p>Puede realizar comunicaciones sobre requisitos de accesibilidad (art\u00edculo 10.2.a) del RD 1112\/2018) como por ejemplo:<\/p>\n<p>1. Informar sobre cualquier posible incumplimiento por parte de este sitio web.<\/p>\n<p>2. Transmitir otras dificultades de acceso al contenido<\/p>\n<p>3. Formular cualquier otra consulta o sugerencia de mejora relativa a la accesibilidad del sitio web<\/p>\n<p>A trav\u00e9s de nuestro correo electr\u00f3nico info@cocteleriaelrinconcito.com<\/p>\n<p>Indicando en el Asunto: \u00abAccesibilidad Web\u00bb<\/p>\n<p>Las comunicaciones ser\u00e1n recibidas y tratadas por el equipo de Accesibilidad.<\/p>\n<p><strong>Contenido opcional<\/strong><\/p>\n<p>En esta web se han adoptado una serie de medidas cuyo objetivo es mejorar la accesibilidad. Las ventajas que esto conlleva son, entre otras:<\/p>\n<p>1. Facilitar el acceso de las personas independientemente de su condici\u00f3n f\u00edsica o de su entorno.<\/p>\n<p>2. Incluir contenidos claros y bien estructurados.<\/p>\n<p>3. Mejorar la navegaci\u00f3n y la experiencia del usuario.<\/p><br>\t\t\t\t\t\t\t\t<\/div>\n\t\t\t\t<\/div>\n\t\t\t\t\t<\/div>\n\t\t<\/div>\n\t\t\t\t\t<\/div>\n\t\t<\/section>\n\t\t\t\t<\/div>","protected":false},"excerpt":{"rendered":"<p>DECLARACI\u00d3N ACCESIBILIDAD WEB Actualizado: 16\/05\/2023 Cocteler\u00eda el Rinconcito, se compromete en hacer accesible su sitio web de conformidad con el Real Decreto 1112\/2018, sobre accesibilidad de los sitios webs y aplicaciones para dispositivos m\u00f3viles del sector p\u00fablico.&nbsp; La presente declaraci\u00f3n de accesibilidad se aplica al sitio web&nbsp;https:\/\/cocteleriaelrinconcito.com &nbsp;Situaci\u00f3n de cumplimiento Este sitio web es&nbsp;parcialmente conforme&nbsp;con [&hellip;]<\/p>\n","protected":false},"author":1,"featured_media":0,"parent":0,"menu_order":0,"comment_status":"closed","ping_status":"closed","template":"elementor_header_footer","meta":{"footnotes":""},"class_list":["post-6819","page","type-page","status-publish","hentry"],"_links":{"self":[{"href":"https:\/\/cocteleriaelrinconcito.com\/en\/wp-json\/wp\/v2\/pages\/6819","targetHints":{"allow":["GET"]}}],"collection":[{"href":"https:\/\/cocteleriaelrinconcito.com\/en\/wp-json\/wp\/v2\/pages"}],"about":[{"href":"https:\/\/cocteleriaelrinconcito.com\/en\/wp-json\/wp\/v2\/types\/page"}],"author":[{"embeddable":true,"href":"https:\/\/cocteleriaelrinconcito.com\/en\/wp-json\/wp\/v2\/users\/1"}],"replies":[{"embeddable":true,"href":"https:\/\/cocteleriaelrinconcito.com\/en\/wp-json\/wp\/v2\/comments?post=6819"}],"version-history":[{"count":19,"href":"https:\/\/cocteleriaelrinconcito.com\/en\/wp-json\/wp\/v2\/pages\/6819\/revisions"}],"predecessor-version":[{"id":6913,"href":"https:\/\/cocteleriaelrinconcito.com\/en\/wp-json\/wp\/v2\/pages\/6819\/revisions\/6913"}],"wp:attachment":[{"href":"https:\/\/cocteleriaelrinconcito.com\/en\/wp-json\/wp\/v2\/media?parent=6819"}],"curies":[{"name":"wp","href":"https:\/\/api.w.org\/{rel}","templated":true}]}}