{"id":6678,"date":"2023-06-07T06:32:56","date_gmt":"2023-06-07T06:32:56","guid":{"rendered":"https:\/\/cocteleriaelrinconcito.com\/?page_id=6678"},"modified":"2023-06-07T06:50:08","modified_gmt":"2023-06-07T06:50:08","slug":"politica-de-privacidad","status":"publish","type":"page","link":"https:\/\/cocteleriaelrinconcito.com\/en\/politica-de-privacidad\/","title":{"rendered":"Pol\u00edtica de Privacidad"},"content":{"rendered":"<div data-elementor-type=\"wp-page\" data-elementor-id=\"6678\" class=\"elementor elementor-6678\">\n\t\t\t\t\t\t<section class=\"elementor-section elementor-top-section elementor-element elementor-element-0492f05 elementor-section-height-min-height elementor-section-boxed elementor-section-height-default elementor-section-items-middle\" data-id=\"0492f05\" data-element_type=\"section\" data-e-type=\"section\" data-settings=\"{&quot;background_background&quot;:&quot;classic&quot;}\">\n\t\t\t\t\t\t\t<div class=\"elementor-background-overlay\"><\/div>\n\t\t\t\t\t\t\t<div class=\"elementor-container elementor-column-gap-no\">\n\t\t\t\t\t<div class=\"elementor-column elementor-col-100 elementor-top-column elementor-element elementor-element-f53998e\" data-id=\"f53998e\" data-element_type=\"column\" data-e-type=\"column\" data-settings=\"{&quot;background_background&quot;:&quot;classic&quot;}\">\n\t\t\t<div class=\"elementor-widget-wrap elementor-element-populated\">\n\t\t\t\t\t\t<div class=\"elementor-element elementor-element-a1bf865 elementor-widget elementor-widget-heading\" data-id=\"a1bf865\" data-element_type=\"widget\" data-e-type=\"widget\" data-widget_type=\"heading.default\">\n\t\t\t\t<div class=\"elementor-widget-container\">\n\t\t\t\t\t<h1 class=\"elementor-heading-title elementor-size-default\">Pol\u00edtica de Privacidad<\/h1>\t\t\t\t<\/div>\n\t\t\t\t<\/div>\n\t\t\t\t\t<\/div>\n\t\t<\/div>\n\t\t\t\t\t<\/div>\n\t\t<\/section>\n\t\t\t\t<section class=\"elementor-section elementor-top-section elementor-element elementor-element-3d77ade elementor-section-boxed elementor-section-height-default elementor-section-height-default\" data-id=\"3d77ade\" data-element_type=\"section\" data-e-type=\"section\">\n\t\t\t\t\t\t<div class=\"elementor-container elementor-column-gap-default\">\n\t\t\t\t\t<div class=\"elementor-column elementor-col-100 elementor-top-column elementor-element elementor-element-1ece856\" data-id=\"1ece856\" data-element_type=\"column\" data-e-type=\"column\">\n\t\t\t<div class=\"elementor-widget-wrap elementor-element-populated\">\n\t\t\t\t\t\t<div class=\"elementor-element elementor-element-01f5c3c elementor-widget elementor-widget-text-editor\" data-id=\"01f5c3c\" data-element_type=\"widget\" data-e-type=\"widget\" data-widget_type=\"text-editor.default\">\n\t\t\t\t<div class=\"elementor-widget-container\">\n\t\t\t\t\t\t\t\t\t<div class=\"elementor elementor-2214\" data-elementor-type=\"wp-page\" data-elementor-id=\"2214\"><div class=\"elementor-inner\"><div class=\"elementor-section-wrap\"><section class=\"elementor-section elementor-top-section elementor-element elementor-element-f47632f elementor-section-boxed elementor-section-height-default elementor-section-height-default\" data-id=\"f47632f\" data-element_type=\"section\"><div class=\"elementor-container elementor-column-gap-default\"><div class=\"elementor-row\"><div class=\"elementor-column elementor-col-100 elementor-top-column elementor-element elementor-element-92759a0\" data-id=\"92759a0\" data-element_type=\"column\"><div class=\"elementor-column-wrap elementor-element-populated\"><div class=\"elementor-widget-wrap\"><div class=\"elementor-element elementor-element-19909e4 elementor-widget elementor-widget-text-editor\" data-id=\"19909e4\" data-element_type=\"widget\" data-widget_type=\"text-editor.default\"><div class=\"elementor-widget-container\"><div class=\"elementor-text-editor elementor-clearfix\"><p><strong>POL\u00cdTICA DE PRIVACIDAD<\/strong><\/p><p>\u00a0<\/p><ol><li><strong> INFORMACI\u00d3N AL USUARIO<\/strong><strong><br \/><br \/>Responsable del tratamiento.<\/strong><br \/><br \/>Identidad. FERNANDO C\u00d3RDOBA MENDOZA\u2013 XXXXXXX<br \/>Direcci\u00f3n. Carrera de Andalucia N\u00ba6, Aranjuez, Spain, 28300<br \/>Tel\u00e9fono. 660 62 03 84<br \/>Correo electr\u00f3nico. info@cocteleriaelrinconcito.com<\/li><\/ol><p>\u00a0<\/p><p><strong>Finalidad del tratamiento<\/strong>.<\/p><p>\u00a0<\/p><p>FERNANDO C\u00d3RDOBA MENDOZA tratar\u00e1 la informaci\u00f3n facilitada por los Usuarios en cada uno de los apartados del sitio web con la siguientes finalidades:<\/p><ul><li>CONTACTO: Los datos ser\u00e1n tratados para la resoluci\u00f3n de consultas y el envio de la informaci\u00f3n solicitada.<\/li><li>SUSCRIPCI\u00d3N A BOLET\u00cdN DE NOTICIAS: Los datos se tratar\u00e1n a efectos de la remisi\u00f3n de newsletter y noticias de actualidad que puedan resultar de interes a los Usuarios.<\/li><li>TRABAJA CON NOSOTROS: Trataremos los datos facilitados para el examen de la idoneidad de los usuarios paras las distintas candidaturas y estudiar su incorporaci\u00f3n a los correspondientes procesos de selecci\u00f3n.<\/li><li>ENVIO DE INFORMACI\u00d3N COMERCIAL: FERNANDO C\u00d3RDOBA MENDOZA solicitar\u00e1 el consentimiento explicito de los usuarios de forma adicional para la remisi\u00f3n de comunicaciones publicitarias relacionadas con productos comercializados por la empresas.<\/li><\/ul><p><br \/><strong>Criterios de conservaci\u00f3n de los datos<\/strong>.<\/p><p>FERNANDO C\u00d3RDOBA MENDOZA conservar\u00e1 los datos mientras persista un interes leg\u00edtimo y en tanto que el interesado no manifieste su oposici\u00f3n al tratamiento de los mismos.<\/p><p><br \/><strong>Legitimaci\u00f3n para el tratamiento de los datos.<\/strong><br \/>El tratamiento de los datos del Usuario por parte de FERNANDO C\u00d3RDOBA MENDOZA tendr\u00e1 su legitimaci\u00f3n en el consentimiento expl\u00edcitamente prestado.<br \/><br \/><strong>Comunicaci\u00f3n de los datos<\/strong>.<br \/>Los datos facilitados por los Usuarios podr\u00e1n ser cedidos a las Fuerzas y Cuerpos de Seguridad y\/o otras Administraciones P\u00fablicas con competencias en la materia.<\/p><p><br \/><strong>Derechos que asisten al Usuario<\/strong>.<br \/>Cualquier Usuario tiene derecho a obtener informaci\u00f3n sobre si FERNANDO C\u00d3RDOBA MENDOZA est\u00e1 tratando datos personales que le conciernen o no y, en tal caso, a ejercer su derecho de acceso a los datos personales y a la siguiente informaci\u00f3n:<\/p><ol><li>a) los fines del tratamiento.<\/li><li>b) las categor\u00edas de datos personales de que se trate.<\/li><li>c) los destinatarios o las categor\u00edas de destinatarios a los que se comunicaron o ser\u00e1n comunicados los datos personales, en particular destinatarios en terceros u organizaciones internacionales.<\/li><li>d) de ser posible, el plazo previsto de conservaci\u00f3n de los datos personales o, de no ser posible, los criterios utilizados para determinar este plazo.<\/li><li>e) la existencia del derecho a solicitar del responsable la rectificaci\u00f3n o supresi\u00f3n de datos personales o la limitaci\u00f3n del tratamiento de datos<\/li><\/ol><p>personales relativos al interesado, o a oponerse a dicho tratamiento;<\/p><ol><li>f) el derecho a presentar una reclamaci\u00f3n ante una autoridad de control.<br \/><br \/>Asimismo, el Usuario tiene derecho a solicitar la rectificaci\u00f3n de los datos inexactos o, en su caso, a solicitar la supresi\u00f3n de los mismos cuando, entre otros motivos, los datos ya no sean necesarios para los fines que fueron recogidos o cuando usted decida retirar el consentimiento en que se hubiera basado el tratamiento hasta la fecha.<\/li><\/ol><p>Los Usuarios podr\u00e1n adem\u00e1s solicitar la limitaci\u00f3n del tratamiento de los datos de los interesados, en cuyo caso \u00fanicamente ser\u00e1n conservados por FERNANDO C\u00d3RDOBA MENDOZA para el ejercicio o la defensa de reclamaciones.<\/p><p>FERNANDO C\u00d3RDOBA MENDOZA dejar\u00e1 de tratar sus datos siempre que usted lleve a cabo la oposici\u00f3n a dicho tratamiento, salvo por motivos leg\u00edtimos imperiosos, o por el ejercicio o la defensa de posibles reclamaciones.<\/p><p><br \/>Finalmente, y en ejercicio de su derecho a la portabilidad de los datos, el Usuario podr\u00e1 recibir los datos personales que hubiera proporcionado a FERNANDO C\u00d3RDOBA MENDOZA, en un formato estructurado, de uso com\u00fan y legible por m\u00e1quina, as\u00ed como a solicitar que se transmitan a otra entidad responsable del tratamiento.<\/p><p><br \/><strong>Medios para ejercer sus derechos<\/strong>.<\/p><p>El Usuario podr\u00e1 ejercer materialmente los derechos descritos en el apartado anterior solicitando el correspondiente formulario a la direcci\u00f3n del responsable: info@cocteleriaelrinconcito.com<\/p><p>Adicionalmente, el Usuario podr\u00e1 solicitar informaci\u00f3n en todo momento acerca del ejercicio de los derechos que le incumben ante la Agencia Espa\u00f1ola de Protecci\u00f3n de Datos.<\/p><p><br \/>En caso de que el ejercicio de sus derechos no hubiera sido atendido o satisfecho correctamente, el Usuario podr\u00e1 presentar la correspondiente reclamaci\u00f3n ante la Agencia Espa\u00f1ola de Protecci\u00f3n de Datos, ubicada en la Calle de Jorge Juan, 6, 28001, Madrid, tel\u00e9fono 912663517<br \/><br \/><\/p><ol start=\"2\"><li><strong> CAR\u00c1CTER OBLIGATORIO O FACULTATIVO DE LA INFORMACI\u00d3N FACILITADA POR EL USUARIO<\/strong><\/li><\/ol><p>Los Usuarios, mediante la marcaci\u00f3n de las casillas correspondientes y entrada de datos en los campos, marcados con un asterisco (*) en el formulario de contacto o presentados en formularios de descarga, aceptan expresamente y de forma libre e inequ\u00edvoca, que sus datos son necesarios para atender su petici\u00f3n, por parte del prestador, siendo voluntaria la inclusi\u00f3n de datos en los campos restantes. El Usuario garantiza que los datos personales facilitados al RESPONSABLE son veraces y se hace responsable de comunicar cualquier modificaci\u00f3n de los mismos.<\/p><p>El RESPONSABLE informa y garantiza que todos los datos solicitados a trav\u00e9s del sitio web son obligatorios, ya que son necesarios para la prestaci\u00f3n de un servicio \u00f3ptimo al Usuario. En caso de que no sean facilitados todos los datos, no se garantiza que la informaci\u00f3n y servicios facilitados sean completamente ajustados a sus necesidades.<\/p><ol start=\"3\"><li><strong> MEDIDAS DE SEGURIDAD<\/strong><\/li><\/ol><p>Que de conformidad con lo dispuesto en las normativas vigentes en protecci\u00f3n de datos personales, el RESPONSABLE est\u00e1 cumpliendo con todas las disposiciones de las normativas GDPR y LOPD para el tratamiento de los datos personales de su responsabilidad, y manifiestamente con los principios descritos en el art\u00edculo 5 del GDPR y en el art\u00edculo 4 de la LOPD, por los cuales son tratados de manera l\u00edcita, leal y transparente en relaci\u00f3n con el interesado y adecuados, pertinentes y limitados a lo necesario en relaci\u00f3n con los fines para los que son tratados.<\/p><p>El RESPONSABLE garantiza que ha implementado pol\u00edticas t\u00e9cnicas y organizativas apropiadas para aplicar las medidas de seguridad que establecen el GDPR y la LOPD con el fin de proteger los derechos y libertades de los Usuarios y les ha comunicado la informaci\u00f3n adecuada para que puedan ejercerlos.<\/p><\/div><\/div><\/div><\/div><\/div><\/div><\/div><\/div><\/section><\/div><\/div><\/div><p>\u00a0<\/p>\t\t\t\t\t\t\t\t<\/div>\n\t\t\t\t<\/div>\n\t\t\t\t\t<\/div>\n\t\t<\/div>\n\t\t\t\t\t<\/div>\n\t\t<\/section>\n\t\t\t\t<\/div>","protected":false},"excerpt":{"rendered":"<p>Pol\u00edtica de Privacidad POL\u00cdTICA DE PRIVACIDAD \u00a0 INFORMACI\u00d3N AL USUARIO Responsable del tratamiento. Identidad. FERNANDO C\u00d3RDOBA MENDOZA\u2013 XXXXXXXDirecci\u00f3n. Carrera de Andalucia N\u00ba6, Aranjuez, Spain, 28300Tel\u00e9fono. 660 62 03 84Correo electr\u00f3nico. info@cocteleriaelrinconcito.com \u00a0 Finalidad del tratamiento. \u00a0 FERNANDO C\u00d3RDOBA MENDOZA tratar\u00e1 la informaci\u00f3n facilitada por los Usuarios en cada uno de los apartados del sitio web [&hellip;]<\/p>\n","protected":false},"author":1,"featured_media":0,"parent":0,"menu_order":0,"comment_status":"closed","ping_status":"closed","template":"elementor_header_footer","meta":{"footnotes":""},"class_list":["post-6678","page","type-page","status-publish","hentry"],"_links":{"self":[{"href":"https:\/\/cocteleriaelrinconcito.com\/en\/wp-json\/wp\/v2\/pages\/6678","targetHints":{"allow":["GET"]}}],"collection":[{"href":"https:\/\/cocteleriaelrinconcito.com\/en\/wp-json\/wp\/v2\/pages"}],"about":[{"href":"https:\/\/cocteleriaelrinconcito.com\/en\/wp-json\/wp\/v2\/types\/page"}],"author":[{"embeddable":true,"href":"https:\/\/cocteleriaelrinconcito.com\/en\/wp-json\/wp\/v2\/users\/1"}],"replies":[{"embeddable":true,"href":"https:\/\/cocteleriaelrinconcito.com\/en\/wp-json\/wp\/v2\/comments?post=6678"}],"version-history":[{"count":7,"href":"https:\/\/cocteleriaelrinconcito.com\/en\/wp-json\/wp\/v2\/pages\/6678\/revisions"}],"predecessor-version":[{"id":6692,"href":"https:\/\/cocteleriaelrinconcito.com\/en\/wp-json\/wp\/v2\/pages\/6678\/revisions\/6692"}],"wp:attachment":[{"href":"https:\/\/cocteleriaelrinconcito.com\/en\/wp-json\/wp\/v2\/media?parent=6678"}],"curies":[{"name":"wp","href":"https:\/\/api.w.org\/{rel}","templated":true}]}}